{"id":2892,"date":"2024-01-15T14:55:02","date_gmt":"2024-01-15T13:55:02","guid":{"rendered":"https:\/\/www.postgradospucv.cl\/?page_id=2892"},"modified":"2025-11-04T19:41:06","modified_gmt":"2025-11-04T18:41:06","slug":"equipo-de-direccion-de-postgrados","status":"publish","type":"page","link":"https:\/\/www.postgradospucv.cl\/index.php\/equipo-de-direccion-de-postgrados\/","title":{"rendered":"Equipo de Direcci\u00f3n de Postgrados"},"content":{"rendered":"\t\t<div data-elementor-type=\"wp-page\" data-elementor-id=\"2892\" class=\"elementor elementor-2892\" data-elementor-settings=\"{&quot;ha_cmc_init_switcher&quot;:&quot;no&quot;}\" data-elementor-post-type=\"page\">\n\t\t\t\t\t\t<section class=\"elementor-section elementor-top-section elementor-element elementor-element-5af2d1c elementor-section-content-middle elementor-section-boxed elementor-section-height-default elementor-section-height-default\" data-id=\"5af2d1c\" data-element_type=\"section\" data-settings=\"{&quot;background_background&quot;:&quot;classic&quot;,&quot;_ha_eqh_enable&quot;:false}\">\n\t\t\t\t\t\t<div class=\"elementor-container elementor-column-gap-default\">\n\t\t\t\t\t<div class=\"elementor-column elementor-col-100 elementor-top-column elementor-element elementor-element-fef72ed\" data-id=\"fef72ed\" data-element_type=\"column\" data-settings=\"{&quot;background_background&quot;:&quot;classic&quot;}\">\n\t\t\t<div class=\"elementor-widget-wrap elementor-element-populated\">\n\t\t\t\t\t\t<div class=\"elementor-element elementor-element-805c804 elementor-widget elementor-widget-heading\" data-id=\"805c804\" data-element_type=\"widget\" data-widget_type=\"heading.default\">\n\t\t\t\t<div class=\"elementor-widget-container\">\n\t\t\t\t\t<h2 class=\"elementor-heading-title elementor-size-default\">Equipo de Direcci\u00f3n de Postgrado<\/h2>\t\t\t\t<\/div>\n\t\t\t\t<\/div>\n\t\t\t\t<div class=\"elementor-element elementor-element-9aba51c elementor-widget elementor-widget-ha-breadcrumbs happy-addon ha-breadcrumbs happy-addon-pro\" data-id=\"9aba51c\" data-element_type=\"widget\" data-widget_type=\"ha-breadcrumbs.default\">\n\t\t\t\t<div class=\"elementor-widget-container\">\n\t\t\t\t\t<ul class=\"ha-breadcrumbs\"><li class=\"ha-breadcrumbs-item ha-breadcrumbs-start\"><a href=\"https:\/\/www.postgradospucv.cl\/\" rel=\"home\"><span class=\"ha-breadcrumbs-text\"><span class=\"ha-breadcrumbs-home-icon\"><span class=\"fas fa-home\" aria-hidden=\"true\"><\/span><\/span>Home<\/span><\/a><\/li><\/ul>\t\t\t\t<\/div>\n\t\t\t\t<\/div>\n\t\t\t\t\t<\/div>\n\t\t<\/div>\n\t\t\t\t\t<\/div>\n\t\t<\/section>\n\t\t\t\t<section class=\"elementor-section elementor-top-section elementor-element elementor-element-dfaa4c4 elementor-section-boxed elementor-section-height-default elementor-section-height-default\" data-id=\"dfaa4c4\" data-element_type=\"section\" data-settings=\"{&quot;_ha_eqh_enable&quot;:false}\">\n\t\t\t\t\t\t<div class=\"elementor-container elementor-column-gap-default\">\n\t\t\t\t\t<div class=\"elementor-column elementor-col-100 elementor-top-column elementor-element elementor-element-85912c7\" data-id=\"85912c7\" data-element_type=\"column\">\n\t\t\t<div class=\"elementor-widget-wrap elementor-element-populated\">\n\t\t\t\t\t\t<div class=\"elementor-element elementor-element-420d8d9 elementor-widget elementor-widget-text-editor\" data-id=\"420d8d9\" data-element_type=\"widget\" data-widget_type=\"text-editor.default\">\n\t\t\t\t<div class=\"elementor-widget-container\">\n\t\t\t\t\t\t\t\t\t<p>La Direcci\u00f3n de Postgrado est\u00e1 compuesta por la Direcci\u00f3n de Postgrados Acad\u00e9micos y la Direcci\u00f3n de Postgrados Profesionales. Estas entidades tienen por funci\u00f3n coordinar los distintos servicios de apoyo que son parte del Ecosistema de Postgrados PUCV. Adem\u00e1s, estas direcciones tienen un rol articulador con la Direcciones de los distintos programas de postgrado de la universidad.\u00a0Nuestra misi\u00f3n es dise\u00f1ar, implementar y gestionar pol\u00edticas y procesos que permitan asegurar la calidad de los programas de postgrado de la PUCV con el norte puesto siempre en la excelencia.\u00a0<\/p>\t\t\t\t\t\t\t\t<\/div>\n\t\t\t\t<\/div>\n\t\t\t\t<section class=\"elementor-section elementor-inner-section elementor-element elementor-element-63558b8 elementor-section-boxed elementor-section-height-default elementor-section-height-default\" data-id=\"63558b8\" data-element_type=\"section\" data-settings=\"{&quot;_ha_eqh_enable&quot;:false}\">\n\t\t\t\t\t\t<div class=\"elementor-container elementor-column-gap-default\">\n\t\t\t\t\t<div class=\"elementor-column elementor-col-50 elementor-inner-column elementor-element elementor-element-e44941a\" data-id=\"e44941a\" data-element_type=\"column\">\n\t\t\t<div class=\"elementor-widget-wrap elementor-element-populated\">\n\t\t\t\t\t\t<div class=\"elementor-element elementor-element-7f2ce85 elementor-widget elementor-widget-ha-member happy-addon ha-member\" data-id=\"7f2ce85\" data-element_type=\"widget\" data-widget_type=\"ha-member.default\">\n\t\t\t\t<div class=\"elementor-widget-container\">\n\t\t\t\t\t\n\t\t\t\t\t<figure class=\"ha-member-figure\">\n\t\t\t\t<img fetchpriority=\"high\" decoding=\"async\" width=\"600\" height=\"600\" src=\"https:\/\/www.postgradospucv.cl\/wp-content\/uploads\/2024\/01\/Director-de-Postgrados-Profesionales_Javier-Silva.jpg\" class=\"elementor-animation-disable-animation attachment-full size-full wp-image-2894\" alt=\"\" srcset=\"https:\/\/www.postgradospucv.cl\/wp-content\/uploads\/2024\/01\/Director-de-Postgrados-Profesionales_Javier-Silva.jpg 600w, https:\/\/www.postgradospucv.cl\/wp-content\/uploads\/2024\/01\/Director-de-Postgrados-Profesionales_Javier-Silva-300x300.jpg 300w, https:\/\/www.postgradospucv.cl\/wp-content\/uploads\/2024\/01\/Director-de-Postgrados-Profesionales_Javier-Silva-150x150.jpg 150w\" sizes=\"(max-width: 600px) 100vw, 600px\" \/>\t\t\t<\/figure>\n\t\t\n\t\t<div class=\"ha-member-body\">\n\t\t\t<h2 class=\"ha-member-name\">Dr. Javier Silva Campino<\/h2>\n\t\t\t\t\t\t\t<div class=\"ha-member-position\">Director de Postgrados  <\/div>\n\t\t\t\n\t\t\t\n\t\t\t\n\t\t\t\n\t\t\t\t\t<\/div>\n\t\t\t\t\t\t<\/div>\n\t\t\t\t<\/div>\n\t\t\t\t\t<\/div>\n\t\t<\/div>\n\t\t\t\t<div class=\"elementor-column elementor-col-50 elementor-inner-column elementor-element elementor-element-155e242\" data-id=\"155e242\" data-element_type=\"column\">\n\t\t\t<div class=\"elementor-widget-wrap\">\n\t\t\t\t\t\t\t<\/div>\n\t\t<\/div>\n\t\t\t\t\t<\/div>\n\t\t<\/section>\n\t\t\t\t<section class=\"elementor-section elementor-inner-section elementor-element elementor-element-b176ee1 elementor-section-boxed elementor-section-height-default elementor-section-height-default\" data-id=\"b176ee1\" data-element_type=\"section\" data-settings=\"{&quot;_ha_eqh_enable&quot;:false}\">\n\t\t\t\t\t\t<div class=\"elementor-container elementor-column-gap-default\">\n\t\t\t\t\t<div class=\"elementor-column elementor-col-25 elementor-inner-column elementor-element elementor-element-a39666a\" data-id=\"a39666a\" data-element_type=\"column\">\n\t\t\t<div class=\"elementor-widget-wrap elementor-element-populated\">\n\t\t\t\t\t\t<div class=\"elementor-element elementor-element-df854d9 elementor-widget elementor-widget-ha-member happy-addon ha-member\" data-id=\"df854d9\" data-element_type=\"widget\" data-widget_type=\"ha-member.default\">\n\t\t\t\t<div class=\"elementor-widget-container\">\n\t\t\t\t\t\n\t\t\t\t\t<figure class=\"ha-member-figure\">\n\t\t\t\t<img decoding=\"async\" width=\"2292\" height=\"2292\" src=\"https:\/\/www.postgradospucv.cl\/wp-content\/uploads\/2024\/04\/Cinthia-Aguilera.jpg\" class=\"elementor-animation-disable-animation attachment-full size-full wp-image-3308\" alt=\"\" srcset=\"https:\/\/www.postgradospucv.cl\/wp-content\/uploads\/2024\/04\/Cinthia-Aguilera.jpg 2292w, https:\/\/www.postgradospucv.cl\/wp-content\/uploads\/2024\/04\/Cinthia-Aguilera-300x300.jpg 300w, https:\/\/www.postgradospucv.cl\/wp-content\/uploads\/2024\/04\/Cinthia-Aguilera-1024x1024.jpg 1024w, https:\/\/www.postgradospucv.cl\/wp-content\/uploads\/2024\/04\/Cinthia-Aguilera-150x150.jpg 150w, https:\/\/www.postgradospucv.cl\/wp-content\/uploads\/2024\/04\/Cinthia-Aguilera-768x768.jpg 768w, https:\/\/www.postgradospucv.cl\/wp-content\/uploads\/2024\/04\/Cinthia-Aguilera-1536x1536.jpg 1536w, https:\/\/www.postgradospucv.cl\/wp-content\/uploads\/2024\/04\/Cinthia-Aguilera-2048x2048.jpg 2048w\" sizes=\"(max-width: 2292px) 100vw, 2292px\" \/>\t\t\t<\/figure>\n\t\t\n\t\t<div class=\"ha-member-body\">\n\t\t\t<h2 class=\"ha-member-name\">Cinthia Aguilera C.<\/h2>\n\t\t\t\t\t\t\t<div class=\"ha-member-position\">Postgrados<\/div>\n\t\t\t\n\t\t\t\n\t\t\t\n\t\t\t\n\t\t\t\t\t<\/div>\n\t\t\t\t\t\t<\/div>\n\t\t\t\t<\/div>\n\t\t\t\t\t<\/div>\n\t\t<\/div>\n\t\t\t\t<div class=\"elementor-column elementor-col-25 elementor-inner-column elementor-element elementor-element-f53d7b1\" data-id=\"f53d7b1\" data-element_type=\"column\">\n\t\t\t<div class=\"elementor-widget-wrap elementor-element-populated\">\n\t\t\t\t\t\t<div class=\"elementor-element elementor-element-6241949 elementor-widget elementor-widget-ha-member happy-addon ha-member\" data-id=\"6241949\" data-element_type=\"widget\" data-widget_type=\"ha-member.default\">\n\t\t\t\t<div class=\"elementor-widget-container\">\n\t\t\t\t\t\n\t\t\t\t\t<figure class=\"ha-member-figure\">\n\t\t\t\t<img decoding=\"async\" width=\"1600\" height=\"1063\" src=\"https:\/\/www.postgradospucv.cl\/wp-content\/uploads\/2025\/06\/f1cfc61f-1be6-41c4-8745-875f2fbb5238.jpg\" class=\"elementor-animation-disable-animation attachment-full size-full wp-image-10133\" alt=\"\" srcset=\"https:\/\/www.postgradospucv.cl\/wp-content\/uploads\/2025\/06\/f1cfc61f-1be6-41c4-8745-875f2fbb5238.jpg 1600w, https:\/\/www.postgradospucv.cl\/wp-content\/uploads\/2025\/06\/f1cfc61f-1be6-41c4-8745-875f2fbb5238-300x199.jpg 300w, https:\/\/www.postgradospucv.cl\/wp-content\/uploads\/2025\/06\/f1cfc61f-1be6-41c4-8745-875f2fbb5238-1024x680.jpg 1024w, https:\/\/www.postgradospucv.cl\/wp-content\/uploads\/2025\/06\/f1cfc61f-1be6-41c4-8745-875f2fbb5238-768x510.jpg 768w, https:\/\/www.postgradospucv.cl\/wp-content\/uploads\/2025\/06\/f1cfc61f-1be6-41c4-8745-875f2fbb5238-1536x1020.jpg 1536w\" sizes=\"(max-width: 1600px) 100vw, 1600px\" \/>\t\t\t<\/figure>\n\t\t\n\t\t<div class=\"ha-member-body\">\n\t\t\t<h2 class=\"ha-member-name\">Marcela Paz Espinoza<\/h2>\n\t\t\t\t\t\t\t<div class=\"ha-member-position\">Postgrados<\/div>\n\t\t\t\n\t\t\t\n\t\t\t\n\t\t\t\n\t\t\t\t\t<\/div>\n\t\t\t\t\t\t<\/div>\n\t\t\t\t<\/div>\n\t\t\t\t\t<\/div>\n\t\t<\/div>\n\t\t\t\t<div class=\"elementor-column elementor-col-25 elementor-inner-column elementor-element elementor-element-d519068\" data-id=\"d519068\" data-element_type=\"column\">\n\t\t\t<div class=\"elementor-widget-wrap elementor-element-populated\">\n\t\t\t\t\t\t<div class=\"elementor-element elementor-element-76829f8 elementor-widget elementor-widget-ha-member happy-addon ha-member\" data-id=\"76829f8\" data-element_type=\"widget\" data-widget_type=\"ha-member.default\">\n\t\t\t\t<div class=\"elementor-widget-container\">\n\t\t\t\t\t\n\t\t\t\t\t<figure class=\"ha-member-figure\">\n\t\t\t\t<img loading=\"lazy\" decoding=\"async\" width=\"2560\" height=\"2560\" src=\"https:\/\/www.postgradospucv.cl\/wp-content\/uploads\/2024\/04\/Valeria-Ojeda-scaled.jpg\" class=\"elementor-animation-disable-animation attachment-full size-full wp-image-3310\" alt=\"\" srcset=\"https:\/\/www.postgradospucv.cl\/wp-content\/uploads\/2024\/04\/Valeria-Ojeda-scaled.jpg 2560w, https:\/\/www.postgradospucv.cl\/wp-content\/uploads\/2024\/04\/Valeria-Ojeda-300x300.jpg 300w, https:\/\/www.postgradospucv.cl\/wp-content\/uploads\/2024\/04\/Valeria-Ojeda-1024x1024.jpg 1024w, https:\/\/www.postgradospucv.cl\/wp-content\/uploads\/2024\/04\/Valeria-Ojeda-150x150.jpg 150w, https:\/\/www.postgradospucv.cl\/wp-content\/uploads\/2024\/04\/Valeria-Ojeda-768x768.jpg 768w, https:\/\/www.postgradospucv.cl\/wp-content\/uploads\/2024\/04\/Valeria-Ojeda-1536x1536.jpg 1536w, https:\/\/www.postgradospucv.cl\/wp-content\/uploads\/2024\/04\/Valeria-Ojeda-2048x2048.jpg 2048w\" sizes=\"(max-width: 2560px) 100vw, 2560px\" \/>\t\t\t<\/figure>\n\t\t\n\t\t<div class=\"ha-member-body\">\n\t\t\t<h2 class=\"ha-member-name\">Valeria Ojeda M.<\/h2>\n\t\t\t\t\t\t\t<div class=\"ha-member-position\">Postgrados<\/div>\n\t\t\t\n\t\t\t\n\t\t\t\n\t\t\t\n\t\t\t\t\t<\/div>\n\t\t\t\t\t\t<\/div>\n\t\t\t\t<\/div>\n\t\t\t\t\t<\/div>\n\t\t<\/div>\n\t\t\t\t<div class=\"elementor-column elementor-col-25 elementor-inner-column elementor-element elementor-element-805dda4\" data-id=\"805dda4\" data-element_type=\"column\">\n\t\t\t<div class=\"elementor-widget-wrap\">\n\t\t\t\t\t\t\t<\/div>\n\t\t<\/div>\n\t\t\t\t\t<\/div>\n\t\t<\/section>\n\t\t\t\t<section class=\"elementor-section elementor-inner-section elementor-element elementor-element-d2ffb30 elementor-section-boxed elementor-section-height-default elementor-section-height-default\" data-id=\"d2ffb30\" data-element_type=\"section\" data-settings=\"{&quot;_ha_eqh_enable&quot;:false}\">\n\t\t\t\t\t\t<div class=\"elementor-container elementor-column-gap-default\">\n\t\t\t\t\t<div class=\"elementor-column elementor-col-50 elementor-inner-column elementor-element elementor-element-2913c34\" data-id=\"2913c34\" data-element_type=\"column\">\n\t\t\t<div class=\"elementor-widget-wrap elementor-element-populated\">\n\t\t\t\t\t\t<div class=\"elementor-element elementor-element-a16df0b elementor-widget elementor-widget-ha-member happy-addon ha-member\" data-id=\"a16df0b\" data-element_type=\"widget\" data-widget_type=\"ha-member.default\">\n\t\t\t\t<div class=\"elementor-widget-container\">\n\t\t\t\t\t\n\t\t\t\t\t<figure class=\"ha-member-figure\">\n\t\t\t\t<img loading=\"lazy\" decoding=\"async\" width=\"2348\" height=\"2348\" src=\"https:\/\/www.postgradospucv.cl\/wp-content\/uploads\/2024\/04\/Ximena-Saldivar.jpg\" class=\"elementor-animation-disable-animation attachment-full size-full wp-image-3311\" alt=\"\" srcset=\"https:\/\/www.postgradospucv.cl\/wp-content\/uploads\/2024\/04\/Ximena-Saldivar.jpg 2348w, https:\/\/www.postgradospucv.cl\/wp-content\/uploads\/2024\/04\/Ximena-Saldivar-300x300.jpg 300w, https:\/\/www.postgradospucv.cl\/wp-content\/uploads\/2024\/04\/Ximena-Saldivar-1024x1024.jpg 1024w, https:\/\/www.postgradospucv.cl\/wp-content\/uploads\/2024\/04\/Ximena-Saldivar-150x150.jpg 150w, https:\/\/www.postgradospucv.cl\/wp-content\/uploads\/2024\/04\/Ximena-Saldivar-768x768.jpg 768w, https:\/\/www.postgradospucv.cl\/wp-content\/uploads\/2024\/04\/Ximena-Saldivar-1536x1536.jpg 1536w, https:\/\/www.postgradospucv.cl\/wp-content\/uploads\/2024\/04\/Ximena-Saldivar-2048x2048.jpg 2048w\" sizes=\"(max-width: 2348px) 100vw, 2348px\" \/>\t\t\t<\/figure>\n\t\t\n\t\t<div class=\"ha-member-body\">\n\t\t\t<h2 class=\"ha-member-name\">Ximena Sald\u00edvar G.<\/h2>\n\t\t\t\t\t\t\t<div class=\"ha-member-position\">Secretaria de Postgrados Acad\u00e9micos<\/div>\n\t\t\t\n\t\t\t\n\t\t\t\n\t\t\t\n\t\t\t\t\t<\/div>\n\t\t\t\t\t\t<\/div>\n\t\t\t\t<\/div>\n\t\t\t\t\t<\/div>\n\t\t<\/div>\n\t\t\t\t<div class=\"elementor-column elementor-col-50 elementor-inner-column elementor-element elementor-element-11efe93\" data-id=\"11efe93\" data-element_type=\"column\">\n\t\t\t<div class=\"elementor-widget-wrap elementor-element-populated\">\n\t\t\t\t\t\t<div class=\"elementor-element elementor-element-43da2fe elementor-widget elementor-widget-ha-member happy-addon ha-member\" data-id=\"43da2fe\" data-element_type=\"widget\" data-widget_type=\"ha-member.default\">\n\t\t\t\t<div class=\"elementor-widget-container\">\n\t\t\t\t\t\n\t\t\t\t\t<figure class=\"ha-member-figure\">\n\t\t\t\t<img loading=\"lazy\" decoding=\"async\" width=\"2560\" height=\"2560\" src=\"https:\/\/www.postgradospucv.cl\/wp-content\/uploads\/2024\/04\/Maria-Carla-Chavez-scaled.jpg\" class=\"elementor-animation-disable-animation attachment-full size-full wp-image-3309\" alt=\"\" srcset=\"https:\/\/www.postgradospucv.cl\/wp-content\/uploads\/2024\/04\/Maria-Carla-Chavez-scaled.jpg 2560w, https:\/\/www.postgradospucv.cl\/wp-content\/uploads\/2024\/04\/Maria-Carla-Chavez-300x300.jpg 300w, https:\/\/www.postgradospucv.cl\/wp-content\/uploads\/2024\/04\/Maria-Carla-Chavez-1024x1024.jpg 1024w, https:\/\/www.postgradospucv.cl\/wp-content\/uploads\/2024\/04\/Maria-Carla-Chavez-150x150.jpg 150w, https:\/\/www.postgradospucv.cl\/wp-content\/uploads\/2024\/04\/Maria-Carla-Chavez-768x768.jpg 768w, https:\/\/www.postgradospucv.cl\/wp-content\/uploads\/2024\/04\/Maria-Carla-Chavez-1536x1536.jpg 1536w, https:\/\/www.postgradospucv.cl\/wp-content\/uploads\/2024\/04\/Maria-Carla-Chavez-2048x2048.jpg 2048w\" sizes=\"(max-width: 2560px) 100vw, 2560px\" \/>\t\t\t<\/figure>\n\t\t\n\t\t<div class=\"ha-member-body\">\n\t\t\t<h2 class=\"ha-member-name\">Mar\u00eda Carla Ch\u00e1vez<\/h2>\n\t\t\t\t\t\t\t<div class=\"ha-member-position\">Secretaria de Postgrados Profesionales<\/div>\n\t\t\t\n\t\t\t\n\t\t\t\n\t\t\t\n\t\t\t\t\t<\/div>\n\t\t\t\t\t\t<\/div>\n\t\t\t\t<\/div>\n\t\t\t\t\t<\/div>\n\t\t<\/div>\n\t\t\t\t\t<\/div>\n\t\t<\/section>\n\t\t\t\t<section class=\"elementor-section elementor-inner-section elementor-element elementor-element-eb1d117 elementor-hidden-desktop elementor-hidden-tablet elementor-hidden-mobile elementor-section-boxed elementor-section-height-default elementor-section-height-default\" data-id=\"eb1d117\" data-element_type=\"section\" data-settings=\"{&quot;_ha_eqh_enable&quot;:false}\">\n\t\t\t\t\t\t<div class=\"elementor-container elementor-column-gap-default\">\n\t\t\t\t\t<div class=\"elementor-column elementor-col-25 elementor-inner-column elementor-element elementor-element-bd935fb\" data-id=\"bd935fb\" data-element_type=\"column\">\n\t\t\t<div class=\"elementor-widget-wrap elementor-element-populated\">\n\t\t\t\t\t\t<div class=\"elementor-element elementor-element-3cf216d elementor-widget elementor-widget-ha-member happy-addon ha-member\" data-id=\"3cf216d\" data-element_type=\"widget\" data-widget_type=\"ha-member.default\">\n\t\t\t\t<div class=\"elementor-widget-container\">\n\t\t\t\t\t\n\t\t\t\t\t<figure class=\"ha-member-figure\">\n\t\t\t\t<img loading=\"lazy\" decoding=\"async\" width=\"388\" height=\"541\" src=\"https:\/\/www.postgradospucv.cl\/wp-content\/uploads\/2023\/09\/Facultad-Ciencias-Economicas-2.jpg\" class=\"elementor-animation-disable-animation attachment-full size-full wp-image-335\" alt=\"\" srcset=\"https:\/\/www.postgradospucv.cl\/wp-content\/uploads\/2023\/09\/Facultad-Ciencias-Economicas-2.jpg 388w, https:\/\/www.postgradospucv.cl\/wp-content\/uploads\/2023\/09\/Facultad-Ciencias-Economicas-2-215x300.jpg 215w\" sizes=\"(max-width: 388px) 100vw, 388px\" \/>\t\t\t<\/figure>\n\t\t\n\t\t<div class=\"ha-member-body\">\n\t\t\t<h2 class=\"ha-member-name\">Nombre<\/h2>\n\t\t\t\t\t\t\t<div class=\"ha-member-position\">Cargo<\/div>\n\t\t\t\n\t\t\t\n\t\t\t\n\t\t\t\n\t\t\t\t\t<\/div>\n\t\t\t\t\t\t<\/div>\n\t\t\t\t<\/div>\n\t\t\t\t\t<\/div>\n\t\t<\/div>\n\t\t\t\t<div class=\"elementor-column elementor-col-25 elementor-inner-column elementor-element elementor-element-03c5890\" data-id=\"03c5890\" data-element_type=\"column\">\n\t\t\t<div class=\"elementor-widget-wrap elementor-element-populated\">\n\t\t\t\t\t\t<div class=\"elementor-element elementor-element-b990a6e elementor-widget elementor-widget-ha-member happy-addon ha-member\" data-id=\"b990a6e\" data-element_type=\"widget\" data-widget_type=\"ha-member.default\">\n\t\t\t\t<div class=\"elementor-widget-container\">\n\t\t\t\t\t\n\t\t\t\t\t<figure class=\"ha-member-figure\">\n\t\t\t\t<img loading=\"lazy\" decoding=\"async\" width=\"388\" height=\"541\" src=\"https:\/\/www.postgradospucv.cl\/wp-content\/uploads\/2023\/09\/Facultad-Ciencias-Economicas-2.jpg\" class=\"elementor-animation-disable-animation attachment-full size-full wp-image-335\" alt=\"\" srcset=\"https:\/\/www.postgradospucv.cl\/wp-content\/uploads\/2023\/09\/Facultad-Ciencias-Economicas-2.jpg 388w, https:\/\/www.postgradospucv.cl\/wp-content\/uploads\/2023\/09\/Facultad-Ciencias-Economicas-2-215x300.jpg 215w\" sizes=\"(max-width: 388px) 100vw, 388px\" \/>\t\t\t<\/figure>\n\t\t\n\t\t<div class=\"ha-member-body\">\n\t\t\t<h2 class=\"ha-member-name\">Nombre<\/h2>\n\t\t\t\t\t\t\t<div class=\"ha-member-position\">Cargo<\/div>\n\t\t\t\n\t\t\t\n\t\t\t\n\t\t\t\n\t\t\t\t\t<\/div>\n\t\t\t\t\t\t<\/div>\n\t\t\t\t<\/div>\n\t\t\t\t\t<\/div>\n\t\t<\/div>\n\t\t\t\t<div class=\"elementor-column elementor-col-25 elementor-inner-column elementor-element elementor-element-7204a26\" data-id=\"7204a26\" data-element_type=\"column\">\n\t\t\t<div class=\"elementor-widget-wrap elementor-element-populated\">\n\t\t\t\t\t\t<div class=\"elementor-element elementor-element-fe0a9a6 elementor-widget elementor-widget-ha-member happy-addon ha-member\" data-id=\"fe0a9a6\" data-element_type=\"widget\" data-widget_type=\"ha-member.default\">\n\t\t\t\t<div class=\"elementor-widget-container\">\n\t\t\t\t\t\n\t\t\t\t\t<figure class=\"ha-member-figure\">\n\t\t\t\t<img loading=\"lazy\" decoding=\"async\" width=\"388\" height=\"541\" src=\"https:\/\/www.postgradospucv.cl\/wp-content\/uploads\/2023\/09\/Facultad-Ciencias-Economicas-2.jpg\" class=\"elementor-animation-disable-animation attachment-full size-full wp-image-335\" alt=\"\" srcset=\"https:\/\/www.postgradospucv.cl\/wp-content\/uploads\/2023\/09\/Facultad-Ciencias-Economicas-2.jpg 388w, https:\/\/www.postgradospucv.cl\/wp-content\/uploads\/2023\/09\/Facultad-Ciencias-Economicas-2-215x300.jpg 215w\" sizes=\"(max-width: 388px) 100vw, 388px\" \/>\t\t\t<\/figure>\n\t\t\n\t\t<div class=\"ha-member-body\">\n\t\t\t<h2 class=\"ha-member-name\">Nombre<\/h2>\n\t\t\t\t\t\t\t<div class=\"ha-member-position\">Cargo<\/div>\n\t\t\t\n\t\t\t\n\t\t\t\n\t\t\t\n\t\t\t\t\t<\/div>\n\t\t\t\t\t\t<\/div>\n\t\t\t\t<\/div>\n\t\t\t\t\t<\/div>\n\t\t<\/div>\n\t\t\t\t<div class=\"elementor-column elementor-col-25 elementor-inner-column elementor-element elementor-element-803db41\" data-id=\"803db41\" data-element_type=\"column\">\n\t\t\t<div class=\"elementor-widget-wrap elementor-element-populated\">\n\t\t\t\t\t\t<div class=\"elementor-element elementor-element-0e4044e elementor-widget elementor-widget-ha-member happy-addon ha-member\" data-id=\"0e4044e\" data-element_type=\"widget\" data-widget_type=\"ha-member.default\">\n\t\t\t\t<div class=\"elementor-widget-container\">\n\t\t\t\t\t\n\t\t\t\t\t<figure class=\"ha-member-figure\">\n\t\t\t\t<img loading=\"lazy\" decoding=\"async\" width=\"388\" height=\"541\" src=\"https:\/\/www.postgradospucv.cl\/wp-content\/uploads\/2023\/09\/Facultad-Ciencias-Economicas-2.jpg\" class=\"elementor-animation-disable-animation attachment-full size-full wp-image-335\" alt=\"\" srcset=\"https:\/\/www.postgradospucv.cl\/wp-content\/uploads\/2023\/09\/Facultad-Ciencias-Economicas-2.jpg 388w, https:\/\/www.postgradospucv.cl\/wp-content\/uploads\/2023\/09\/Facultad-Ciencias-Economicas-2-215x300.jpg 215w\" sizes=\"(max-width: 388px) 100vw, 388px\" \/>\t\t\t<\/figure>\n\t\t\n\t\t<div class=\"ha-member-body\">\n\t\t\t<h2 class=\"ha-member-name\">Nombre<\/h2>\n\t\t\t\t\t\t\t<div class=\"ha-member-position\">Cargo<\/div>\n\t\t\t\n\t\t\t\n\t\t\t\n\t\t\t\n\t\t\t\t\t<\/div>\n\t\t\t\t\t\t<\/div>\n\t\t\t\t<\/div>\n\t\t\t\t\t<\/div>\n\t\t<\/div>\n\t\t\t\t\t<\/div>\n\t\t<\/section>\n\t\t\t\t\t<\/div>\n\t\t<\/div>\n\t\t\t\t\t<\/div>\n\t\t<\/section>\n\t\t\t\t<\/div>\n\t\t","protected":false},"excerpt":{"rendered":"<p>Equipo de Direcci\u00f3n de Postgrado Home La Direcci\u00f3n de Postgrado est\u00e1 compuesta por la Direcci\u00f3n de Postgrados Acad\u00e9micos y la Direcci\u00f3n de Postgrados Profesionales. Estas entidades tienen por funci\u00f3n coordinar los distintos servicios de apoyo que son parte del Ecosistema de Postgrados PUCV. Adem\u00e1s, estas direcciones tienen un rol articulador con la Direcciones de los [&hellip;]<\/p>\n","protected":false},"author":1,"featured_media":0,"parent":0,"menu_order":0,"comment_status":"closed","ping_status":"closed","template":"","meta":{"site-sidebar-layout":"no-sidebar","site-content-layout":"","ast-site-content-layout":"full-width-container","site-content-style":"default","site-sidebar-style":"default","ast-global-header-display":"","ast-banner-title-visibility":"","ast-main-header-display":"","ast-hfb-above-header-display":"","ast-hfb-below-header-display":"","ast-hfb-mobile-header-display":"","site-post-title":"disabled","ast-breadcrumbs-content":"","ast-featured-img":"disabled","footer-sml-layout":"","theme-transparent-header-meta":"","adv-header-id-meta":"","stick-header-meta":"","header-above-stick-meta":"","header-main-stick-meta":"","header-below-stick-meta":"","astra-migrate-meta-layouts":"default","ast-page-background-enabled":"default","ast-page-background-meta":{"desktop":{"background-color":"var(--ast-global-color-4)","background-image":"","background-repeat":"repeat","background-position":"center center","background-size":"auto","background-attachment":"scroll","background-type":"","background-media":"","overlay-type":"","overlay-color":"","overlay-opacity":"","overlay-gradient":""},"tablet":{"background-color":"","background-image":"","background-repeat":"repeat","background-position":"center center","background-size":"auto","background-attachment":"scroll","background-type":"","background-media":"","overlay-type":"","overlay-color":"","overlay-opacity":"","overlay-gradient":""},"mobile":{"background-color":"","background-image":"","background-repeat":"repeat","background-position":"center center","background-size":"auto","background-attachment":"scroll","background-type":"","background-media":"","overlay-type":"","overlay-color":"","overlay-opacity":"","overlay-gradient":""}},"ast-content-background-meta":{"desktop":{"background-color":"var(--ast-global-color-5)","background-image":"","background-repeat":"repeat","background-position":"center center","background-size":"auto","background-attachment":"scroll","background-type":"","background-media":"","overlay-type":"","overlay-color":"","overlay-opacity":"","overlay-gradient":""},"tablet":{"background-color":"var(--ast-global-color-5)","background-image":"","background-repeat":"repeat","background-position":"center center","background-size":"auto","background-attachment":"scroll","background-type":"","background-media":"","overlay-type":"","overlay-color":"","overlay-opacity":"","overlay-gradient":""},"mobile":{"background-color":"var(--ast-global-color-5)","background-image":"","background-repeat":"repeat","background-position":"center center","background-size":"auto","background-attachment":"scroll","background-type":"","background-media":"","overlay-type":"","overlay-color":"","overlay-opacity":"","overlay-gradient":""}},"footnotes":""},"class_list":["post-2892","page","type-page","status-publish","hentry"],"_links":{"self":[{"href":"https:\/\/www.postgradospucv.cl\/index.php\/wp-json\/wp\/v2\/pages\/2892","targetHints":{"allow":["GET"]}}],"collection":[{"href":"https:\/\/www.postgradospucv.cl\/index.php\/wp-json\/wp\/v2\/pages"}],"about":[{"href":"https:\/\/www.postgradospucv.cl\/index.php\/wp-json\/wp\/v2\/types\/page"}],"author":[{"embeddable":true,"href":"https:\/\/www.postgradospucv.cl\/index.php\/wp-json\/wp\/v2\/users\/1"}],"replies":[{"embeddable":true,"href":"https:\/\/www.postgradospucv.cl\/index.php\/wp-json\/wp\/v2\/comments?post=2892"}],"version-history":[{"count":94,"href":"https:\/\/www.postgradospucv.cl\/index.php\/wp-json\/wp\/v2\/pages\/2892\/revisions"}],"predecessor-version":[{"id":11911,"href":"https:\/\/www.postgradospucv.cl\/index.php\/wp-json\/wp\/v2\/pages\/2892\/revisions\/11911"}],"wp:attachment":[{"href":"https:\/\/www.postgradospucv.cl\/index.php\/wp-json\/wp\/v2\/media?parent=2892"}],"curies":[{"name":"wp","href":"https:\/\/api.w.org\/{rel}","templated":true}]}}